{"id":12,"date":"2024-07-29T14:53:31","date_gmt":"2024-07-29T14:53:31","guid":{"rendered":"https:\/\/limpiezasgaraile.rkinformatika.online\/?page_id=12"},"modified":"2024-08-29T15:00:56","modified_gmt":"2024-08-29T15:00:56","slug":"otros-servicios","status":"publish","type":"page","link":"https:\/\/limpiezasgaraile.com\/eus\/otros-servicios\/","title":{"rendered":"Beste zerbitzu batzuk"},"content":{"rendered":"<div data-elementor-type=\"wp-page\" data-elementor-id=\"12\" class=\"elementor elementor-12\" data-elementor-post-type=\"page\">\n\t\t\t\t\t\t<section class=\"elementor-section elementor-top-section elementor-element elementor-element-a7d49b9 elementor-section-boxed elementor-section-height-default elementor-section-height-default\" data-id=\"a7d49b9\" data-element_type=\"section\" data-e-type=\"section\">\n\t\t\t\t\t\t<div class=\"elementor-container elementor-column-gap-default\">\n\t\t\t\t\t<div class=\"elementor-column elementor-col-100 elementor-top-column elementor-element elementor-element-1a5ce1f\" data-id=\"1a5ce1f\" data-element_type=\"column\" data-e-type=\"column\">\n\t\t\t<div class=\"elementor-widget-wrap elementor-element-populated\">\n\t\t\t\t\t\t<div class=\"elementor-element elementor-element-0c7dcaa elementor-widget elementor-widget-heading\" data-id=\"0c7dcaa\" data-element_type=\"widget\" data-e-type=\"widget\" data-widget_type=\"heading.default\">\n\t\t\t\t<div class=\"elementor-widget-container\">\n\t\t\t\t\t<h2 class=\"elementor-heading-title elementor-size-default\">OTROS SERVICIOS<\/h2>\t\t\t\t<\/div>\n\t\t\t\t<\/div>\n\t\t\t\t\t<\/div>\n\t\t<\/div>\n\t\t\t\t\t<\/div>\n\t\t<\/section>\n\t\t\t\t<section class=\"elementor-section elementor-top-section elementor-element elementor-element-7a48fd4 elementor-section-boxed elementor-section-height-default elementor-section-height-default\" data-id=\"7a48fd4\" data-element_type=\"section\" data-e-type=\"section\">\n\t\t\t\t\t\t<div class=\"elementor-container elementor-column-gap-no\">\n\t\t\t\t\t<div class=\"elementor-column elementor-col-50 elementor-top-column elementor-element elementor-element-a582ae2 elementor-invisible\" data-id=\"a582ae2\" data-element_type=\"column\" data-e-type=\"column\" data-settings=\"{&quot;animation&quot;:&quot;fadeInUp&quot;}\">\n\t\t\t<div class=\"elementor-widget-wrap elementor-element-populated\">\n\t\t\t\t\t\t<div class=\"elementor-element elementor-element-f36af25 elementor-cta--skin-cover elementor-cta--valign-bottom elementor-invisible elementor-widget elementor-widget-call-to-action\" data-id=\"f36af25\" data-element_type=\"widget\" data-e-type=\"widget\" data-settings=\"{&quot;_animation&quot;:&quot;fadeInLeft&quot;}\" data-widget_type=\"call-to-action.default\">\n\t\t\t\t<div class=\"elementor-widget-container\">\n\t\t\t\t\t\t\t<div class=\"elementor-cta\">\n\t\t\t\t\t<div class=\"elementor-cta__bg-wrapper\">\n\t\t\t\t<div class=\"elementor-cta__bg elementor-bg\" style=\"background-image: url(https:\/\/limpiezasgaraile.com\/wp-content\/uploads\/2024\/08\/toilet-paper.jpg);\" role=\"img\" aria-label=\"\"><\/div>\n\t\t\t\t<div class=\"elementor-cta__bg-overlay\"><\/div>\n\t\t\t<\/div>\n\t\t\t\t\t\t\t<div class=\"elementor-cta__content\">\n\t\t\t\t\n\t\t\t\t\t\t\t\t\t<h2 class=\"elementor-cta__title elementor-cta__content-item elementor-content-item\">\n\t\t\t\t\t\tSuministros\t\t\t\t\t<\/h2>\n\t\t\t\t\n\t\t\t\t\t\t\t\t\t<div class=\"elementor-cta__description elementor-cta__content-item elementor-content-item\">\n\t\t\t\t\t\tDisponemos de todos los productos que nuestros clientes puedan necesitar en sus instalaciones:\n-Qu\u00edmicos: (desengrasantes, jab\u00f3n granulado para talleres, alcohol, gel), etc.\n-Celulosa: (higi\u00e9nico industrial, bobina secamanos), etc.\n-Equipamientos: (dosificadores, papeleras, dispensadores), etc.\t\t\t\t\t<\/div>\n\t\t\t\t\n\t\t\t\t\t\t\t<\/div>\n\t\t\t\t\t\t<\/div>\n\t\t\t\t\t\t<\/div>\n\t\t\t\t<\/div>\n\t\t\t\t\t<\/div>\n\t\t<\/div>\n\t\t\t\t<div class=\"elementor-column elementor-col-50 elementor-top-column elementor-element elementor-element-7c81545 elementor-invisible\" data-id=\"7c81545\" data-element_type=\"column\" data-e-type=\"column\" data-settings=\"{&quot;animation&quot;:&quot;fadeInUp&quot;,&quot;animation_delay&quot;:480}\">\n\t\t\t<div class=\"elementor-widget-wrap elementor-element-populated\">\n\t\t\t\t\t\t<div class=\"elementor-element elementor-element-7c4b8635 elementor-cta--skin-cover elementor-cta--valign-bottom elementor-invisible elementor-widget elementor-widget-call-to-action\" data-id=\"7c4b8635\" data-element_type=\"widget\" data-e-type=\"widget\" data-settings=\"{&quot;_animation&quot;:&quot;fadeInRight&quot;}\" data-widget_type=\"call-to-action.default\">\n\t\t\t\t<div class=\"elementor-widget-container\">\n\t\t\t\t\t\t\t<div class=\"elementor-cta\">\n\t\t\t\t\t<div class=\"elementor-cta__bg-wrapper\">\n\t\t\t\t<div class=\"elementor-cta__bg elementor-bg\" style=\"background-image: url(https:\/\/limpiezasgaraile.com\/wp-content\/uploads\/2024\/08\/lawn-mower-machine-in-garden-garden-and-lawn-care-theme-care-services-area.jpg);\" role=\"img\" aria-label=\"\"><\/div>\n\t\t\t\t<div class=\"elementor-cta__bg-overlay\"><\/div>\n\t\t\t<\/div>\n\t\t\t\t\t\t\t<div class=\"elementor-cta__content\">\n\t\t\t\t\n\t\t\t\t\t\t\t\t\t<h2 class=\"elementor-cta__title elementor-cta__content-item elementor-content-item\">\n\t\t\t\t\t\tServicio de Jardiner\u00eda\t\t\t\t\t<\/h2>\n\t\t\t\t\n\t\t\t\t\t\t\t\t\t<div class=\"elementor-cta__description elementor-cta__content-item elementor-content-item\">\n\t\t\t\t\t\tPara un servicio integral con nuestros clientes, ofrecemos nuestra experiencia en el mantenimiento y conservaci\u00f3n de jardines.\t\t\t\t\t<\/div>\n\t\t\t\t\n\t\t\t\t\t\t\t<\/div>\n\t\t\t\t\t\t<\/div>\n\t\t\t\t\t\t<\/div>\n\t\t\t\t<\/div>\n\t\t\t\t\t<\/div>\n\t\t<\/div>\n\t\t\t\t\t<\/div>\n\t\t<\/section>\n\t\t\t\t<section class=\"elementor-section elementor-top-section elementor-element elementor-element-46f6bdb3 elementor-section-full_width elementor-section-height-default elementor-section-height-default\" data-id=\"46f6bdb3\" data-element_type=\"section\" data-e-type=\"section\">\n\t\t\t\t\t\t<div class=\"elementor-container elementor-column-gap-no\">\n\t\t\t\t\t<div class=\"elementor-column elementor-col-50 elementor-top-column elementor-element elementor-element-c38d364 elementor-invisible\" data-id=\"c38d364\" data-element_type=\"column\" data-e-type=\"column\" data-settings=\"{&quot;animation&quot;:&quot;fadeInLeft&quot;}\">\n\t\t\t<div class=\"elementor-widget-wrap elementor-element-populated\">\n\t\t\t\t\t\t<div class=\"elementor-element elementor-element-56032e19 elementor-cta--skin-cover elementor-cta--valign-bottom elementor-widget elementor-widget-call-to-action\" data-id=\"56032e19\" data-element_type=\"widget\" data-e-type=\"widget\" data-widget_type=\"call-to-action.default\">\n\t\t\t\t<div class=\"elementor-widget-container\">\n\t\t\t\t\t\t\t<div class=\"elementor-cta\">\n\t\t\t\t\t<div class=\"elementor-cta__bg-wrapper\">\n\t\t\t\t<div class=\"elementor-cta__bg elementor-bg\" style=\"background-image: url(https:\/\/limpiezasgaraile.com\/wp-content\/uploads\/2024\/08\/waste-management-signs-and-symbols-on-a-garbage-bin.jpg);\" role=\"img\" aria-label=\"\"><\/div>\n\t\t\t\t<div class=\"elementor-cta__bg-overlay\"><\/div>\n\t\t\t<\/div>\n\t\t\t\t\t\t\t<div class=\"elementor-cta__content\">\n\t\t\t\t\n\t\t\t\t\t\t\t\t\t<h2 class=\"elementor-cta__title elementor-cta__content-item elementor-content-item\">\n\t\t\t\t\t\tGestion de Residuos\t\t\t\t\t<\/h2>\n\t\t\t\t\n\t\t\t\t\n\t\t\t\t\t\t\t<\/div>\n\t\t\t\t\t\t<\/div>\n\t\t\t\t\t\t<\/div>\n\t\t\t\t<\/div>\n\t\t\t\t\t<\/div>\n\t\t<\/div>\n\t\t\t\t<div class=\"elementor-column elementor-col-50 elementor-top-column elementor-element elementor-element-68f09bed elementor-invisible\" data-id=\"68f09bed\" data-element_type=\"column\" data-e-type=\"column\" data-settings=\"{&quot;animation&quot;:&quot;fadeInUp&quot;,&quot;animation_delay&quot;:480}\">\n\t\t\t<div class=\"elementor-widget-wrap elementor-element-populated\">\n\t\t\t\t\t\t<div class=\"elementor-element elementor-element-9815864 elementor-cta--skin-cover elementor-cta--valign-bottom elementor-invisible elementor-widget elementor-widget-call-to-action\" data-id=\"9815864\" data-element_type=\"widget\" data-e-type=\"widget\" data-settings=\"{&quot;_animation&quot;:&quot;fadeInRight&quot;}\" data-widget_type=\"call-to-action.default\">\n\t\t\t\t<div class=\"elementor-widget-container\">\n\t\t\t\t\t\t\t<div class=\"elementor-cta\">\n\t\t\t\t\t<div class=\"elementor-cta__bg-wrapper\">\n\t\t\t\t<div class=\"elementor-cta__bg elementor-bg\" style=\"background-image: url(https:\/\/limpiezasgaraile.com\/wp-content\/uploads\/2024\/08\/after-asphalt-is-laid-on-a-road-workers-apply-markings-signs.jpg);\" role=\"img\" aria-label=\"\"><\/div>\n\t\t\t\t<div class=\"elementor-cta__bg-overlay\"><\/div>\n\t\t\t<\/div>\n\t\t\t\t\t\t\t<div class=\"elementor-cta__content\">\n\t\t\t\t\n\t\t\t\t\t\t\t\t\t<h2 class=\"elementor-cta__title elementor-cta__content-item elementor-content-item\">\n\t\t\t\t\t\tPintura y Se\u00f1alizaci\u00f3n\t\t\t\t\t<\/h2>\n\t\t\t\t\n\t\t\t\t\t\t\t\t\t<div class=\"elementor-cta__description elementor-cta__content-item elementor-content-item\">\n\t\t\t\t\t\tDelimitado de zonas peatonales y m\u00e1quinas en talleres.\t\t\t\t\t<\/div>\n\t\t\t\t\n\t\t\t\t\t\t\t<\/div>\n\t\t\t\t\t\t<\/div>\n\t\t\t\t\t\t<\/div>\n\t\t\t\t<\/div>\n\t\t\t\t\t<\/div>\n\t\t<\/div>\n\t\t\t\t\t<\/div>\n\t\t<\/section>\n\t\t\t\t<section class=\"elementor-section elementor-top-section elementor-element elementor-element-2be62f92 elementor-section-full_width elementor-section-height-default elementor-section-height-default\" data-id=\"2be62f92\" data-element_type=\"section\" data-e-type=\"section\" data-settings=\"{&quot;background_background&quot;:&quot;classic&quot;}\">\n\t\t\t\t\t\t\t<div class=\"elementor-background-overlay\"><\/div>\n\t\t\t\t\t\t\t<div class=\"elementor-container elementor-column-gap-no\">\n\t\t\t\t\t<div class=\"elementor-column elementor-col-100 elementor-top-column elementor-element elementor-element-1aaa7fd1\" data-id=\"1aaa7fd1\" data-element_type=\"column\" data-e-type=\"column\">\n\t\t\t<div class=\"elementor-widget-wrap elementor-element-populated\">\n\t\t\t\t\t\t<div class=\"elementor-element elementor-element-2333c14c elementor-widget elementor-widget-heading\" data-id=\"2333c14c\" data-element_type=\"widget\" data-e-type=\"widget\" data-widget_type=\"heading.default\">\n\t\t\t\t<div class=\"elementor-widget-container\">\n\t\t\t\t\t<h2 class=\"elementor-heading-title elementor-size-default\">\u00bfA QU\u00c9 ESPERAS PARA SOLICITAR NUESTROS SERVICIOS?<\/h2>\t\t\t\t<\/div>\n\t\t\t\t<\/div>\n\t\t\t\t<div class=\"elementor-element elementor-element-595054d6 elementor-align-center elementor-invisible elementor-widget elementor-widget-button\" data-id=\"595054d6\" data-element_type=\"widget\" data-e-type=\"widget\" data-settings=\"{&quot;_animation&quot;:&quot;fadeInUp&quot;}\" data-widget_type=\"button.default\">\n\t\t\t\t<div class=\"elementor-widget-container\">\n\t\t\t\t\t\t\t\t\t<div class=\"elementor-button-wrapper\">\n\t\t\t\t\t<a class=\"elementor-button elementor-button-link elementor-size-sm\" href=\"https:\/\/limpiezasgaraile.com\/eus\/contacto\/\">\n\t\t\t\t\t\t<span class=\"elementor-button-content-wrapper\">\n\t\t\t\t\t\t\t\t\t<span class=\"elementor-button-text\">Cont\u00e1ctenos<\/span>\n\t\t\t\t\t<\/span>\n\t\t\t\t\t<\/a>\n\t\t\t\t<\/div>\n\t\t\t\t\t\t\t\t<\/div>\n\t\t\t\t<\/div>\n\t\t\t\t\t<\/div>\n\t\t<\/div>\n\t\t\t\t\t<\/div>\n\t\t<\/section>\n\t\t\t\t<\/div>","protected":false},"excerpt":{"rendered":"<p>OTROS SERVICIOS Suministros Disponemos de todos los productos que nuestros clientes puedan necesitar en sus instalaciones: -Qu\u00edmicos: (desengrasantes, jab\u00f3n granulado para talleres, alcohol, gel), etc. -Celulosa: (higi\u00e9nico industrial, bobina secamanos), etc. -Equipamientos: (dosificadores, papeleras, dispensadores), etc. Servicio de Jardiner\u00eda Para un servicio integral con nuestros clientes, ofrecemos nuestra experiencia en el mantenimiento y conservaci\u00f3n de [&hellip;]<\/p>\n","protected":false},"author":1,"featured_media":0,"parent":0,"menu_order":0,"comment_status":"closed","ping_status":"closed","template":"elementor_canvas","meta":{"footnotes":""},"class_list":["post-12","page","type-page","status-publish","hentry"],"yoast_head":"<!-- This site is optimized with the Yoast SEO plugin v27.4 - https:\/\/yoast.com\/product\/yoast-seo-wordpress\/ -->\n<title>Otros Servicios - Limpiezas Garaile<\/title>\n<meta name=\"robots\" content=\"index, follow, max-snippet:-1, max-image-preview:large, max-video-preview:-1\" \/>\n<link rel=\"canonical\" href=\"https:\/\/limpiezasgaraile.com\/eus\/otros-servicios\/\" \/>\n<meta property=\"og:locale\" content=\"en_US\" \/>\n<meta property=\"og:type\" content=\"article\" \/>\n<meta property=\"og:title\" content=\"Otros Servicios - Limpiezas Garaile\" \/>\n<meta property=\"og:description\" content=\"OTROS SERVICIOS Suministros Disponemos de todos los productos que nuestros clientes puedan necesitar en sus instalaciones: -Qu\u00edmicos: (desengrasantes, jab\u00f3n granulado para talleres, alcohol, gel), etc. -Celulosa: (higi\u00e9nico industrial, bobina secamanos), etc. -Equipamientos: (dosificadores, papeleras, dispensadores), etc. Servicio de Jardiner\u00eda Para un servicio integral con nuestros clientes, ofrecemos nuestra experiencia en el mantenimiento y conservaci\u00f3n de [&hellip;]\" \/>\n<meta property=\"og:url\" content=\"https:\/\/limpiezasgaraile.com\/eus\/otros-servicios\/\" \/>\n<meta property=\"og:site_name\" content=\"Limpiezas Garaile\" \/>\n<meta property=\"article:modified_time\" content=\"2024-08-29T15:00:56+00:00\" \/>\n<meta name=\"twitter:card\" content=\"summary_large_image\" \/>\n<meta name=\"twitter:label1\" content=\"Est. reading time\" \/>\n\t<meta name=\"twitter:data1\" content=\"1 minutua\" \/>\n<script type=\"application\/ld+json\" class=\"yoast-schema-graph\">{\"@context\":\"https:\\\/\\\/schema.org\",\"@graph\":[{\"@type\":\"WebPage\",\"@id\":\"https:\\\/\\\/limpiezasgaraile.com\\\/otros-servicios\\\/\",\"url\":\"https:\\\/\\\/limpiezasgaraile.com\\\/otros-servicios\\\/\",\"name\":\"Otros Servicios - Limpiezas Garaile\",\"isPartOf\":{\"@id\":\"https:\\\/\\\/limpiezasgaraile.com\\\/#website\"},\"datePublished\":\"2024-07-29T14:53:31+00:00\",\"dateModified\":\"2024-08-29T15:00:56+00:00\",\"breadcrumb\":{\"@id\":\"https:\\\/\\\/limpiezasgaraile.com\\\/otros-servicios\\\/#breadcrumb\"},\"inLanguage\":\"eu\",\"potentialAction\":[{\"@type\":\"ReadAction\",\"target\":[\"https:\\\/\\\/limpiezasgaraile.com\\\/otros-servicios\\\/\"]}]},{\"@type\":\"BreadcrumbList\",\"@id\":\"https:\\\/\\\/limpiezasgaraile.com\\\/otros-servicios\\\/#breadcrumb\",\"itemListElement\":[{\"@type\":\"ListItem\",\"position\":1,\"name\":\"Portada\",\"item\":\"https:\\\/\\\/limpiezasgaraile.com\\\/\"},{\"@type\":\"ListItem\",\"position\":2,\"name\":\"Otros Servicios\"}]},{\"@type\":\"WebSite\",\"@id\":\"https:\\\/\\\/limpiezasgaraile.com\\\/#website\",\"url\":\"https:\\\/\\\/limpiezasgaraile.com\\\/\",\"name\":\"Limpiezas Garaile\",\"description\":\"En Limpieza Garaile S.L ofrecemos servicios de limpieza profesionales especialmente dirigidos a empresas con un alto nivel de exigencia en el cuidado de su imagen.  Para ello disponemos de una amplia gama de maquinaria y productos espec\u00edficos para un resultado inmejorable.\",\"publisher\":{\"@id\":\"https:\\\/\\\/limpiezasgaraile.com\\\/#organization\"},\"potentialAction\":[{\"@type\":\"SearchAction\",\"target\":{\"@type\":\"EntryPoint\",\"urlTemplate\":\"https:\\\/\\\/limpiezasgaraile.com\\\/?s={search_term_string}\"},\"query-input\":{\"@type\":\"PropertyValueSpecification\",\"valueRequired\":true,\"valueName\":\"search_term_string\"}}],\"inLanguage\":\"eu\"},{\"@type\":\"Organization\",\"@id\":\"https:\\\/\\\/limpiezasgaraile.com\\\/#organization\",\"name\":\"Limpiezas Garaile\",\"url\":\"https:\\\/\\\/limpiezasgaraile.com\\\/\",\"logo\":{\"@type\":\"ImageObject\",\"inLanguage\":\"eu\",\"@id\":\"https:\\\/\\\/limpiezasgaraile.com\\\/#\\\/schema\\\/logo\\\/image\\\/\",\"url\":\"https:\\\/\\\/limpiezasgaraile.com\\\/wp-content\\\/uploads\\\/2024\\\/08\\\/cropped-Limpiezas-Garaile_Mesa-de-trabajo-1-1.png\",\"contentUrl\":\"https:\\\/\\\/limpiezasgaraile.com\\\/wp-content\\\/uploads\\\/2024\\\/08\\\/cropped-Limpiezas-Garaile_Mesa-de-trabajo-1-1.png\",\"width\":1247,\"height\":1080,\"caption\":\"Limpiezas Garaile\"},\"image\":{\"@id\":\"https:\\\/\\\/limpiezasgaraile.com\\\/#\\\/schema\\\/logo\\\/image\\\/\"}}]}<\/script>\n<!-- \/ Yoast SEO plugin. -->","yoast_head_json":{"title":"Otros Servicios - Limpiezas Garaile","robots":{"index":"index","follow":"follow","max-snippet":"max-snippet:-1","max-image-preview":"max-image-preview:large","max-video-preview":"max-video-preview:-1"},"canonical":"https:\/\/limpiezasgaraile.com\/eus\/otros-servicios\/","og_locale":"en_US","og_type":"article","og_title":"Otros Servicios - Limpiezas Garaile","og_description":"OTROS SERVICIOS Suministros Disponemos de todos los productos que nuestros clientes puedan necesitar en sus instalaciones: -Qu\u00edmicos: (desengrasantes, jab\u00f3n granulado para talleres, alcohol, gel), etc. -Celulosa: (higi\u00e9nico industrial, bobina secamanos), etc. -Equipamientos: (dosificadores, papeleras, dispensadores), etc. Servicio de Jardiner\u00eda Para un servicio integral con nuestros clientes, ofrecemos nuestra experiencia en el mantenimiento y conservaci\u00f3n de [&hellip;]","og_url":"https:\/\/limpiezasgaraile.com\/eus\/otros-servicios\/","og_site_name":"Limpiezas Garaile","article_modified_time":"2024-08-29T15:00:56+00:00","twitter_card":"summary_large_image","twitter_misc":{"Est. reading time":"1 minutua"},"schema":{"@context":"https:\/\/schema.org","@graph":[{"@type":"WebPage","@id":"https:\/\/limpiezasgaraile.com\/otros-servicios\/","url":"https:\/\/limpiezasgaraile.com\/otros-servicios\/","name":"Otros Servicios - Limpiezas Garaile","isPartOf":{"@id":"https:\/\/limpiezasgaraile.com\/#website"},"datePublished":"2024-07-29T14:53:31+00:00","dateModified":"2024-08-29T15:00:56+00:00","breadcrumb":{"@id":"https:\/\/limpiezasgaraile.com\/otros-servicios\/#breadcrumb"},"inLanguage":"eu","potentialAction":[{"@type":"ReadAction","target":["https:\/\/limpiezasgaraile.com\/otros-servicios\/"]}]},{"@type":"BreadcrumbList","@id":"https:\/\/limpiezasgaraile.com\/otros-servicios\/#breadcrumb","itemListElement":[{"@type":"ListItem","position":1,"name":"Portada","item":"https:\/\/limpiezasgaraile.com\/"},{"@type":"ListItem","position":2,"name":"Otros Servicios"}]},{"@type":"WebSite","@id":"https:\/\/limpiezasgaraile.com\/#website","url":"https:\/\/limpiezasgaraile.com\/","name":"Limpiezas Garaile","description":"En Limpieza Garaile S.L ofrecemos servicios de limpieza profesionales especialmente dirigidos a empresas con un alto nivel de exigencia en el cuidado de su imagen.  Para ello disponemos de una amplia gama de maquinaria y productos espec\u00edficos para un resultado inmejorable.","publisher":{"@id":"https:\/\/limpiezasgaraile.com\/#organization"},"potentialAction":[{"@type":"SearchAction","target":{"@type":"EntryPoint","urlTemplate":"https:\/\/limpiezasgaraile.com\/?s={search_term_string}"},"query-input":{"@type":"PropertyValueSpecification","valueRequired":true,"valueName":"search_term_string"}}],"inLanguage":"eu"},{"@type":"Organization","@id":"https:\/\/limpiezasgaraile.com\/#organization","name":"Limpiezas Garaile","url":"https:\/\/limpiezasgaraile.com\/","logo":{"@type":"ImageObject","inLanguage":"eu","@id":"https:\/\/limpiezasgaraile.com\/#\/schema\/logo\/image\/","url":"https:\/\/limpiezasgaraile.com\/wp-content\/uploads\/2024\/08\/cropped-Limpiezas-Garaile_Mesa-de-trabajo-1-1.png","contentUrl":"https:\/\/limpiezasgaraile.com\/wp-content\/uploads\/2024\/08\/cropped-Limpiezas-Garaile_Mesa-de-trabajo-1-1.png","width":1247,"height":1080,"caption":"Limpiezas Garaile"},"image":{"@id":"https:\/\/limpiezasgaraile.com\/#\/schema\/logo\/image\/"}}]}},"_links":{"self":[{"href":"https:\/\/limpiezasgaraile.com\/eus\/wp-json\/wp\/v2\/pages\/12","targetHints":{"allow":["GET"]}}],"collection":[{"href":"https:\/\/limpiezasgaraile.com\/eus\/wp-json\/wp\/v2\/pages"}],"about":[{"href":"https:\/\/limpiezasgaraile.com\/eus\/wp-json\/wp\/v2\/types\/page"}],"author":[{"embeddable":true,"href":"https:\/\/limpiezasgaraile.com\/eus\/wp-json\/wp\/v2\/users\/1"}],"replies":[{"embeddable":true,"href":"https:\/\/limpiezasgaraile.com\/eus\/wp-json\/wp\/v2\/comments?post=12"}],"version-history":[{"count":77,"href":"https:\/\/limpiezasgaraile.com\/eus\/wp-json\/wp\/v2\/pages\/12\/revisions"}],"predecessor-version":[{"id":411,"href":"https:\/\/limpiezasgaraile.com\/eus\/wp-json\/wp\/v2\/pages\/12\/revisions\/411"}],"wp:attachment":[{"href":"https:\/\/limpiezasgaraile.com\/eus\/wp-json\/wp\/v2\/media?parent=12"}],"curies":[{"name":"wp","href":"https:\/\/api.w.org\/{rel}","templated":true}]}}